{"id":1145,"date":"2021-10-25T15:42:29","date_gmt":"2021-10-27T17:35:31","guid":{"rendered":"https:\/\/islandofpets.com\/shop\/gourmet-fish-topper\/"},"modified":"2025-10-27T15:56:58","modified_gmt":"2025-10-27T13:56:58","slug":"gourmet-fish-topper","status":"publish","type":"product","link":"https:\/\/islandofpets.ee\/en\/pood\/gourmet-fish-topper\/","title":{"rendered":"Gourmet fish topper"},"content":{"rendered":"<p>[ux_text font_size=&#8221;0.85&#8243; line_height=&#8221;1.2&#8243;]<\/p>\n<p><strong><span style=\"color: #333333; font-family: Helvetica; font-size: 100%;\">100% r\u00e4imesisaldusega topper, mida on hea lisada koera v\u00f5i kassi igap\u00e4evatoidule. Sobib ka toortoidule, sest sisaldab ainult kala. <\/span><\/strong><\/p>\n<p><strong><span style=\"color: #333333; font-family: Helvetica; font-size: 100%;\">Lisa p\u00f5nevust oma lemmiku toidulauale!\u00a0<\/span><\/strong><\/p>\n<ul>\n<li><span style=\"font-size: 100%; color: #333333; font-family: Helvetica;\">Ei sisalda lisa- ega s\u00e4ilitusaineid<\/span><\/li>\n<li><span style=\"font-size: 100%; color: #333333; font-family: Helvetica;\">Hea lemmiku nahale, karvkattele, liigestele ja immuuns\u00fcsteemile<\/span><\/li>\n<li><span style=\"font-size: 100%; color: #333333; font-family: Helvetica;\">Sisaldab rikkalikult oomega-3 rasvhappeid<\/span><\/li>\n<li><span style=\"font-size: 100%; color: #333333; font-family: Helvetica;\">Aitab kaasa seedimisele ja alandab p\u00f5letikku<\/span><\/li>\n<\/ul>\n<p><span style=\"font-size: 100%; color: #333333; font-family: Helvetica;\"><strong>L\u00e4\u00e4nemere r\u00e4im <\/strong>on v\u00e4\u00e4rtuslik h\u00e4sti seeduv valguallikas, mis sisaldab asendamatuid oomega-3 rasvhappeid, millel on p\u00f5letikuvastane, immuuns\u00fcsteemi turgutav ja liigeste tervist toetav toime. Kalas sisalduv kaltsium, fosfor ja D-vitamiin on olulised luuainevahetuse reguleerimises ja osalevad hammaste ja luustiku tugevana hoidmises. Vesilahustuvad B-grupi vitamiinid osalevad rasvade, s\u00fcsivesikute ja valkude ainevahetuses, on vajalikud normaalseks lihaste, sh s\u00fcdamelihase ning n\u00e4rvis\u00fcsteemi toimimiseks ning B12-vitamiin ehk kobalamiin ja folaadid m\u00e4ngivad olulist rolli vereloomes. Mikroelementidest on kalas esindatud magneesium ja kaalium, mis vastutavad normaalse lihastalitluse eest ning seleen, millel on antioks\u00fcdandi omadused ja immuuns\u00fcsteemi tugevdav toime.<\/span><br \/>\n[\/ux_text]<br \/>\n[tabgroup title=&#8221;Nutrition facts per 100g&#8221; type=&#8221;vertical&#8221;]<\/p>\n<p>[tab title=&#8221;Gourmet fish topper&#8221;]<\/p>\n<p>[ux_text font_size=&#8221;1&#8243; line_height=&#8221;2&#8243; text_color=&#8221;rgb(3, 2, 2)&#8221;]<\/p>\n<p class=\"p1\"><b>Energia (kcal) 117<\/b><\/p>\n<table class=\"t1\" cellspacing=\"0\" cellpadding=\"0\">\n<tbody>\n<tr>\n<td class=\"td1\" valign=\"top\">\n<p class=\"p1\"><b>Toorvalk (g)<\/b><\/p>\n<\/td>\n<td class=\"td1\" valign=\"top\">\n<p class=\"p1\"><b>14.8<\/b><\/p>\n<\/td>\n<td class=\"td1\" valign=\"top\">\n<p class=\"p1\"><b>K\u00fcllastunud rasvhappeid (g)<\/b><\/p>\n<\/td>\n<td class=\"td1\" valign=\"top\">\n<p class=\"p1\"><b>3<\/b><\/p>\n<\/td>\n<\/tr>\n<tr>\n<td class=\"td1\" valign=\"top\">\n<p class=\"p1\"><b>Toorrasv (g)<\/b><\/p>\n<\/td>\n<td class=\"td1\" valign=\"top\">\n<p class=\"p1\"><b>6.5<\/b><\/p>\n<\/td>\n<td class=\"td1\" valign=\"top\">\n<p class=\"p1\"><b>Suhkrud (g) <\/b><\/p>\n<\/td>\n<td class=\"td1\" valign=\"top\">\n<p class=\"p1\"><b>0<\/b><\/p>\n<\/td>\n<\/tr>\n<tr>\n<td class=\"td1\" valign=\"top\">\n<p class=\"p1\"><b>S\u00fcsivesikuid (g)<\/b><\/p>\n<\/td>\n<td class=\"td1\" valign=\"top\">\n<p class=\"p1\"><b>0<\/b><\/p>\n<\/td>\n<td class=\"td1\" valign=\"top\">\n<p class=\"p1\"><b>Sool (g)<\/b><\/p>\n<\/td>\n<td class=\"td1\" valign=\"top\">\n<p class=\"p1\"><b>0.01<\/b><\/p>\n<\/td>\n<\/tr>\n<\/tbody>\n<\/table>\n<p>[\/ux_text]<\/p>\n<p>[\/tab]<\/p>\n<p>[\/tabgroup]<br \/>\n[section label=&#8221;Testimonials&#8221; bg_color=&#8221;rgb(246, 246, 246)&#8221; padding=&#8221;80px&#8221;]<\/p>\n<p>[row label=&#8221;Title&#8221;]<\/p>\n<p>[col span__sm=&#8221;12&#8243; align=&#8221;center&#8221;]<\/p>\n<h2>Tagasiside<\/h2>\n<p>[\/col]<\/p>\n<p>[\/row]<br \/>\n[row label=&#8221;Testimonials&#8221; padding=&#8221;50px 50px 30px 50px&#8221; padding__sm=&#8221;30px 30px 30px 30px&#8221;]<\/p>\n<p>[col span__sm=&#8221;12&#8243; bg_color=&#8221;rgb(255, 255, 255)&#8221;]<\/p>\n<p>[ux_slider hide_nav=&#8221;true&#8221; nav_pos=&#8221;outside&#8221; arrows=&#8221;false&#8221; nav_color=&#8221;dark&#8221; bullet_style=&#8221;square&#8221; timer=&#8221;3000&#8243;]<\/p>\n<p>[row_inner label=&#8221;Testimonial 1&#8243; style=&#8221;large&#8221;]<\/p>\n<p>[col_inner span=&#8221;4&#8243; span__sm=&#8221;12&#8243; padding=&#8221;15px 0px 0px 0px&#8221;]<\/p>\n<p>[ux_image id=&#8221;2817&#8243; class=&#8221;circle&#8221;]<\/p>\n<p>[\/col_inner]<br \/>\n[col_inner span=&#8221;8&#8243; span__sm=&#8221;12&#8243;]<\/p>\n<p>[row_inner_1 style=&#8221;collapse&#8221;]<\/p>\n<p>[col_inner_1 span__sm=&#8221;12&#8243; margin=&#8221;0px 0px -50px 0px&#8221; animate=&#8221;bounceInUp&#8221;]<\/p>\n<h2><span style=\"font-size: 300%;\">&#8220;<\/span><\/h2>\n<p>[\/col_inner_1]<\/p>\n<p>[\/row_inner_1]<\/p>\n<p>&#8220;Sain t\u00e4na prooviks ostetud pulbri paki k\u00e4tte\u2026mul polnud k\u00fcll v\u00e4ga usku, aga see pulber l\u00f5hnas enda jaoks juba nii, et oleks tahtnud omale v\u00f5iku peale panna ja meie pirtspepule toidu peale raputades kadus see kui muti auku. <span class=\"pq6dq46d tbxw36s4 knj5qynh kvgmc6g5 ditlmg2l oygrvhab nvdbi5me sf5mxxl7 gl3lb2sf hhz5lgdu\"><img loading=\"lazy\" decoding=\"async\" src=\"https:\/\/static.xx.fbcdn.net\/images\/emoji.php\/v9\/tf1\/2\/16\/1f923.png\" alt=\"\ud83e\udd23\" width=\"16\" height=\"16\" \/><\/span><span class=\"pq6dq46d tbxw36s4 knj5qynh kvgmc6g5 ditlmg2l oygrvhab nvdbi5me sf5mxxl7 gl3lb2sf hhz5lgdu\"><img loading=\"lazy\" decoding=\"async\" src=\"https:\/\/static.xx.fbcdn.net\/images\/emoji.php\/v9\/t6f\/2\/16\/1f602.png\" alt=\"\ud83d\ude02\" width=\"16\" height=\"16\" \/><\/span> T\u00f5esti uskumatu toode! Tellin kindlasti veel! T\u00e4nud hea toote eest.\u201d<\/p>\n<p>[gap height=&#8221;10px&#8221;]<\/p>\n<h4 style=\"margin-bottom: 0px;\">Anni Murd<\/h4>\n<p>[\/col_inner]<\/p>\n<p>[\/row_inner]<\/p>\n<p>[\/ux_slider]<\/p>\n<p>[\/col]<\/p>\n<p>[\/row]<\/p>\n<p>[\/section]<\/p>\n","protected":false},"excerpt":{"rendered":"<p>Herring flour superfood makes the tip of the tail flutter and the coat shine!<\/p>\n<ul>\n<li>Gourmet fish powder is great for adding to any meal<\/li>\n<li>The omega-3 fatty acids contained in fish have anti-inflammatory and immune-boosting effects<\/li>\n<li>Even a small amount is enough to ensure the necessary vitamins and nutrients<\/li>\n<li>Minerals and vitamins regulate bone metabolism<\/li>\n<li>Enriches your favorite dining table<\/li>\n<li>Use with our LickiMat licking mats<\/li>\n<\/ul>\n","protected":false},"featured_media":12666,"comment_status":"open","ping_status":"closed","template":"","meta":{"_acf_changed":false},"product_brand":[],"product_cat":[387,430],"product_tag":[],"class_list":{"0":"post-1145","1":"product","2":"type-product","3":"status-publish","4":"has-post-thumbnail","6":"product_cat-all-products","7":"product_cat-superfood","9":"first","10":"outofstock","11":"taxable","12":"shipping-taxable","13":"purchasable","14":"product-type-simple"},"acf":[],"yoast_head":"<!-- This site is optimized with the Yoast SEO plugin v27.3 - https:\/\/yoast.com\/product\/yoast-seo-wordpress\/ -->\n<title>Gourmet fish topper - Island of Pets<\/title>\n<meta name=\"robots\" content=\"index, follow, max-snippet:-1, max-image-preview:large, max-video-preview:-1\" \/>\n<link rel=\"canonical\" href=\"https:\/\/islandofpets.ee\/en\/pood\/gourmet-fish-topper\/\" \/>\n<meta property=\"og:locale\" content=\"en_US\" \/>\n<meta property=\"og:type\" content=\"article\" \/>\n<meta property=\"og:title\" content=\"Gourmet fish topper - Island of Pets\" \/>\n<meta property=\"og:description\" content=\"Herring flour superfood makes the tip of the tail flutter and the coat shine!   Gourmet fish powder is great for adding to any meal  The omega-3 fatty acids contained in fish have anti-inflammatory and immune-boosting effects  Even a small amount is enough to ensure the necessary vitamins and nutrients  Minerals and vitamins regulate bone metabolism  Enriches your favorite dining table  Use with our LickiMat licking mats\" \/>\n<meta property=\"og:url\" content=\"https:\/\/islandofpets.ee\/en\/pood\/gourmet-fish-topper\/\" \/>\n<meta property=\"og:site_name\" content=\"Island of Pets\" \/>\n<meta property=\"article:modified_time\" content=\"2025-10-27T13:56:58+00:00\" \/>\n<meta property=\"og:image\" content=\"https:\/\/islandofpets.ee\/wp-content\/uploads\/2022\/10\/IoP-Gourmet-fish-topper-gurmee-kalapulber.png\" \/>\n\t<meta property=\"og:image:width\" content=\"1000\" \/>\n\t<meta property=\"og:image:height\" content=\"1000\" \/>\n\t<meta property=\"og:image:type\" content=\"image\/png\" \/>\n<meta name=\"twitter:card\" content=\"summary_large_image\" \/>\n<meta name=\"twitter:label1\" content=\"Est. reading time\" \/>\n\t<meta name=\"twitter:data1\" content=\"3 minutes\" \/>\n<script type=\"application\/ld+json\" class=\"yoast-schema-graph\">{\"@context\":\"https:\\\/\\\/schema.org\",\"@graph\":[{\"@type\":\"WebPage\",\"@id\":\"https:\\\/\\\/islandofpets.ee\\\/en\\\/pood\\\/gourmet-fish-topper\\\/\",\"url\":\"https:\\\/\\\/islandofpets.ee\\\/en\\\/pood\\\/gourmet-fish-topper\\\/\",\"name\":\"Gourmet fish topper - Island of Pets\",\"isPartOf\":{\"@id\":\"https:\\\/\\\/islandofpets.ee\\\/#website\"},\"primaryImageOfPage\":{\"@id\":\"https:\\\/\\\/islandofpets.ee\\\/en\\\/pood\\\/gourmet-fish-topper\\\/#primaryimage\"},\"image\":{\"@id\":\"https:\\\/\\\/islandofpets.ee\\\/en\\\/pood\\\/gourmet-fish-topper\\\/#primaryimage\"},\"thumbnailUrl\":\"https:\\\/\\\/islandofpets.ee\\\/wp-content\\\/uploads\\\/2023\\\/09\\\/9.png\",\"datePublished\":\"2021-10-27T17:35:31+00:00\",\"dateModified\":\"2025-10-27T13:56:58+00:00\",\"breadcrumb\":{\"@id\":\"https:\\\/\\\/islandofpets.ee\\\/en\\\/pood\\\/gourmet-fish-topper\\\/#breadcrumb\"},\"inLanguage\":\"en-US\",\"potentialAction\":[{\"@type\":\"ReadAction\",\"target\":[\"https:\\\/\\\/islandofpets.ee\\\/en\\\/pood\\\/gourmet-fish-topper\\\/\"]}]},{\"@type\":\"ImageObject\",\"inLanguage\":\"en-US\",\"@id\":\"https:\\\/\\\/islandofpets.ee\\\/en\\\/pood\\\/gourmet-fish-topper\\\/#primaryimage\",\"url\":\"https:\\\/\\\/islandofpets.ee\\\/wp-content\\\/uploads\\\/2023\\\/09\\\/9.png\",\"contentUrl\":\"https:\\\/\\\/islandofpets.ee\\\/wp-content\\\/uploads\\\/2023\\\/09\\\/9.png\",\"width\":1080,\"height\":1080},{\"@type\":\"BreadcrumbList\",\"@id\":\"https:\\\/\\\/islandofpets.ee\\\/en\\\/pood\\\/gourmet-fish-topper\\\/#breadcrumb\",\"itemListElement\":[{\"@type\":\"ListItem\",\"position\":1,\"name\":\"Home\",\"item\":\"https:\\\/\\\/islandofpets.ee\\\/en\\\/\"},{\"@type\":\"ListItem\",\"position\":2,\"name\":\"Pood\",\"item\":\"https:\\\/\\\/islandofpets.ee\\\/pood\\\/\"},{\"@type\":\"ListItem\",\"position\":3,\"name\":\"Gourmet fish topper\"}]},{\"@type\":\"WebSite\",\"@id\":\"https:\\\/\\\/islandofpets.ee\\\/#website\",\"url\":\"https:\\\/\\\/islandofpets.ee\\\/\",\"name\":\"Island of Pets\",\"description\":\"Parimad maiused sinu parimale s\u00f5brale\",\"publisher\":{\"@id\":\"https:\\\/\\\/islandofpets.ee\\\/#organization\"},\"potentialAction\":[{\"@type\":\"SearchAction\",\"target\":{\"@type\":\"EntryPoint\",\"urlTemplate\":\"https:\\\/\\\/islandofpets.ee\\\/?s={search_term_string}\"},\"query-input\":{\"@type\":\"PropertyValueSpecification\",\"valueRequired\":true,\"valueName\":\"search_term_string\"}}],\"inLanguage\":\"en-US\"},{\"@type\":\"Organization\",\"@id\":\"https:\\\/\\\/islandofpets.ee\\\/#organization\",\"name\":\"Island of Pets\",\"url\":\"https:\\\/\\\/islandofpets.ee\\\/\",\"logo\":{\"@type\":\"ImageObject\",\"inLanguage\":\"en-US\",\"@id\":\"https:\\\/\\\/islandofpets.ee\\\/#\\\/schema\\\/logo\\\/image\\\/\",\"url\":\"https:\\\/\\\/islandofpets.ee\\\/wp-content\\\/uploads\\\/2021\\\/02\\\/IOP-logo-03-03.png\",\"contentUrl\":\"https:\\\/\\\/islandofpets.ee\\\/wp-content\\\/uploads\\\/2021\\\/02\\\/IOP-logo-03-03.png\",\"width\":2375,\"height\":1323,\"caption\":\"Island of Pets\"},\"image\":{\"@id\":\"https:\\\/\\\/islandofpets.ee\\\/#\\\/schema\\\/logo\\\/image\\\/\"}}]}<\/script>\n<!-- \/ Yoast SEO plugin. -->","yoast_head_json":{"title":"Gourmet fish topper - Island of Pets","robots":{"index":"index","follow":"follow","max-snippet":"max-snippet:-1","max-image-preview":"max-image-preview:large","max-video-preview":"max-video-preview:-1"},"canonical":"https:\/\/islandofpets.ee\/en\/pood\/gourmet-fish-topper\/","og_locale":"en_US","og_type":"article","og_title":"Gourmet fish topper - Island of Pets","og_description":"Herring flour superfood makes the tip of the tail flutter and the coat shine!   Gourmet fish powder is great for adding to any meal  The omega-3 fatty acids contained in fish have anti-inflammatory and immune-boosting effects  Even a small amount is enough to ensure the necessary vitamins and nutrients  Minerals and vitamins regulate bone metabolism  Enriches your favorite dining table  Use with our LickiMat licking mats","og_url":"https:\/\/islandofpets.ee\/en\/pood\/gourmet-fish-topper\/","og_site_name":"Island of Pets","article_modified_time":"2025-10-27T13:56:58+00:00","og_image":[{"width":1000,"height":1000,"url":"https:\/\/islandofpets.ee\/wp-content\/uploads\/2022\/10\/IoP-Gourmet-fish-topper-gurmee-kalapulber.png","type":"image\/png"}],"twitter_card":"summary_large_image","twitter_misc":{"Est. reading time":"3 minutes"},"schema":{"@context":"https:\/\/schema.org","@graph":[{"@type":"WebPage","@id":"https:\/\/islandofpets.ee\/en\/pood\/gourmet-fish-topper\/","url":"https:\/\/islandofpets.ee\/en\/pood\/gourmet-fish-topper\/","name":"Gourmet fish topper - Island of Pets","isPartOf":{"@id":"https:\/\/islandofpets.ee\/#website"},"primaryImageOfPage":{"@id":"https:\/\/islandofpets.ee\/en\/pood\/gourmet-fish-topper\/#primaryimage"},"image":{"@id":"https:\/\/islandofpets.ee\/en\/pood\/gourmet-fish-topper\/#primaryimage"},"thumbnailUrl":"https:\/\/islandofpets.ee\/wp-content\/uploads\/2023\/09\/9.png","datePublished":"2021-10-27T17:35:31+00:00","dateModified":"2025-10-27T13:56:58+00:00","breadcrumb":{"@id":"https:\/\/islandofpets.ee\/en\/pood\/gourmet-fish-topper\/#breadcrumb"},"inLanguage":"en-US","potentialAction":[{"@type":"ReadAction","target":["https:\/\/islandofpets.ee\/en\/pood\/gourmet-fish-topper\/"]}]},{"@type":"ImageObject","inLanguage":"en-US","@id":"https:\/\/islandofpets.ee\/en\/pood\/gourmet-fish-topper\/#primaryimage","url":"https:\/\/islandofpets.ee\/wp-content\/uploads\/2023\/09\/9.png","contentUrl":"https:\/\/islandofpets.ee\/wp-content\/uploads\/2023\/09\/9.png","width":1080,"height":1080},{"@type":"BreadcrumbList","@id":"https:\/\/islandofpets.ee\/en\/pood\/gourmet-fish-topper\/#breadcrumb","itemListElement":[{"@type":"ListItem","position":1,"name":"Home","item":"https:\/\/islandofpets.ee\/en\/"},{"@type":"ListItem","position":2,"name":"Pood","item":"https:\/\/islandofpets.ee\/pood\/"},{"@type":"ListItem","position":3,"name":"Gourmet fish topper"}]},{"@type":"WebSite","@id":"https:\/\/islandofpets.ee\/#website","url":"https:\/\/islandofpets.ee\/","name":"Island of Pets","description":"Parimad maiused sinu parimale s\u00f5brale","publisher":{"@id":"https:\/\/islandofpets.ee\/#organization"},"potentialAction":[{"@type":"SearchAction","target":{"@type":"EntryPoint","urlTemplate":"https:\/\/islandofpets.ee\/?s={search_term_string}"},"query-input":{"@type":"PropertyValueSpecification","valueRequired":true,"valueName":"search_term_string"}}],"inLanguage":"en-US"},{"@type":"Organization","@id":"https:\/\/islandofpets.ee\/#organization","name":"Island of Pets","url":"https:\/\/islandofpets.ee\/","logo":{"@type":"ImageObject","inLanguage":"en-US","@id":"https:\/\/islandofpets.ee\/#\/schema\/logo\/image\/","url":"https:\/\/islandofpets.ee\/wp-content\/uploads\/2021\/02\/IOP-logo-03-03.png","contentUrl":"https:\/\/islandofpets.ee\/wp-content\/uploads\/2021\/02\/IOP-logo-03-03.png","width":2375,"height":1323,"caption":"Island of Pets"},"image":{"@id":"https:\/\/islandofpets.ee\/#\/schema\/logo\/image\/"}}]}},"_links":{"self":[{"href":"https:\/\/islandofpets.ee\/en\/wp-json\/wp\/v2\/product\/1145","targetHints":{"allow":["GET"]}}],"collection":[{"href":"https:\/\/islandofpets.ee\/en\/wp-json\/wp\/v2\/product"}],"about":[{"href":"https:\/\/islandofpets.ee\/en\/wp-json\/wp\/v2\/types\/product"}],"replies":[{"embeddable":true,"href":"https:\/\/islandofpets.ee\/en\/wp-json\/wp\/v2\/comments?post=1145"}],"wp:featuredmedia":[{"embeddable":true,"href":"https:\/\/islandofpets.ee\/en\/wp-json\/wp\/v2\/media\/12666"}],"wp:attachment":[{"href":"https:\/\/islandofpets.ee\/en\/wp-json\/wp\/v2\/media?parent=1145"}],"wp:term":[{"taxonomy":"product_brand","embeddable":true,"href":"https:\/\/islandofpets.ee\/en\/wp-json\/wp\/v2\/product_brand?post=1145"},{"taxonomy":"product_cat","embeddable":true,"href":"https:\/\/islandofpets.ee\/en\/wp-json\/wp\/v2\/product_cat?post=1145"},{"taxonomy":"product_tag","embeddable":true,"href":"https:\/\/islandofpets.ee\/en\/wp-json\/wp\/v2\/product_tag?post=1145"}],"curies":[{"name":"wp","href":"https:\/\/api.w.org\/{rel}","templated":true}]}}