{"id":8572,"date":"2023-12-14T11:36:32","date_gmt":"2023-08-22T10:36:32","guid":{"rendered":"https:\/\/islandofpets.ee\/?post_type=product&#038;p=8572"},"modified":"2025-10-27T15:44:39","modified_gmt":"2025-10-27T13:44:39","slug":"cod-cube-chewy-treat-200g","status":"publish","type":"product","link":"https:\/\/islandofpets.ee\/en\/pood\/cod-cube-chewy-treat-200g\/","title":{"rendered":"Cod cube chewy treat 200g"},"content":{"rendered":"<h3 style=\"text-align: left;\"><strong><span style=\"font-size: 24pt; font-family: bluberry-normal;\">Prevent your pet\u2019s dental problems<\/span><\/strong><\/h3>\n<p>&nbsp;<\/p>\n<p><strong>100% natural air-dried<\/strong> cod cube is a nice chewy treat and pastime for all dogs. Chewing relieves itchy teeth and gums in young dogs and provides long-lasting activity. The vitamin D contained in fish helps the body absorb both calcium and phosphorus, which are necessary for your pet&#8217;s teeth and bones to be healthy and strong. Chewing a cod cube also helps keep the gums and oral mucosa normal. The treats are handmade in Saaremaa. Cod skin is low in calories and easily digestible, so it is also suitable for a pet on a diet. It is safe for allergy sufferers and will appeal to everyone who enjoys fish!<\/p>\n<p>Read more about teeth cleaning and treats <a style=\"font-family: poppins;\" href=\"https:\/\/www.e-vet.ee\/uudised\/hambapesu-jargselt-moned-kiitvad-maiused-miks-mitte\" target=\"_blank\" rel=\"noopener\"><strong><span style=\"color: #3366ff;\">here!<\/span><\/strong><\/a><\/p>\n","protected":false},"excerpt":{"rendered":"<p>Two snacks in one for your favorite, which simultaneously offers both tooth brushing and a pleasant pastime!<\/p>\n<ul>\n<li>Prevent tooth loss, gingivitis and bad breath<\/li>\n<li>Especially useful for cleaning teeth after eating<\/li>\n<li>Say goodbye to itchy gums<\/li>\n<li>A nice reward after a bigger challenge<\/li>\n<li>Perfect for pastime<\/li>\n<li>Suitable for all pets who like fish<\/li>\n<\/ul>\n","protected":false},"featured_media":12682,"comment_status":"open","ping_status":"closed","template":"","meta":{"_acf_changed":false},"product_brand":[],"product_cat":[387,424],"product_tag":[],"class_list":{"0":"post-8572","1":"product","2":"type-product","3":"status-publish","4":"has-post-thumbnail","6":"product_cat-all-products","7":"product_cat-chewy","9":"first","10":"instock","11":"taxable","12":"shipping-taxable","13":"purchasable","14":"product-type-simple"},"acf":[],"yoast_head":"<!-- This site is optimized with the Yoast SEO plugin v27.3 - https:\/\/yoast.com\/product\/yoast-seo-wordpress\/ -->\n<title>Cod cube chewy treat 200g - Island of Pets<\/title>\n<meta name=\"description\" content=\"Tursakuubik\/n\u00e4rimismaius: hea ajaviide k\u00f5ikidele koertele. N\u00e4rimine leevendab noortel koertel hammaste ja igemete s\u00fcgelust ning pakub kauakestvat tegevust.\" \/>\n<meta name=\"robots\" content=\"index, follow, max-snippet:-1, max-image-preview:large, max-video-preview:-1\" \/>\n<link rel=\"canonical\" href=\"https:\/\/islandofpets.ee\/en\/pood\/cod-cube-chewy-treat-200g\/\" \/>\n<meta property=\"og:locale\" content=\"en_US\" \/>\n<meta property=\"og:type\" content=\"article\" \/>\n<meta property=\"og:title\" content=\"Cod cube chewy treat 200g - Island of Pets\" \/>\n<meta property=\"og:description\" content=\"Tursakuubik\/n\u00e4rimismaius: hea ajaviide k\u00f5ikidele koertele. N\u00e4rimine leevendab noortel koertel hammaste ja igemete s\u00fcgelust ning pakub kauakestvat tegevust.\" \/>\n<meta property=\"og:url\" content=\"https:\/\/islandofpets.ee\/en\/pood\/cod-cube-chewy-treat-200g\/\" \/>\n<meta property=\"og:site_name\" content=\"Island of Pets\" \/>\n<meta property=\"article:modified_time\" content=\"2025-10-27T13:44:39+00:00\" \/>\n<meta property=\"og:image\" content=\"https:\/\/islandofpets.ee\/wp-content\/uploads\/2023\/08\/Tursakuubik-narimismaius-200g.png\" \/>\n\t<meta property=\"og:image:width\" content=\"1000\" \/>\n\t<meta property=\"og:image:height\" content=\"1000\" \/>\n\t<meta property=\"og:image:type\" content=\"image\/png\" \/>\n<meta name=\"twitter:card\" content=\"summary_large_image\" \/>\n<meta name=\"twitter:label1\" content=\"Est. reading time\" \/>\n\t<meta name=\"twitter:data1\" content=\"1 minute\" \/>\n<script type=\"application\/ld+json\" class=\"yoast-schema-graph\">{\"@context\":\"https:\\\/\\\/schema.org\",\"@graph\":[{\"@type\":\"WebPage\",\"@id\":\"https:\\\/\\\/islandofpets.ee\\\/en\\\/pood\\\/cod-cube-chewy-treat-200g\\\/\",\"url\":\"https:\\\/\\\/islandofpets.ee\\\/en\\\/pood\\\/cod-cube-chewy-treat-200g\\\/\",\"name\":\"Cod cube chewy treat 200g - Island of Pets\",\"isPartOf\":{\"@id\":\"https:\\\/\\\/islandofpets.ee\\\/#website\"},\"primaryImageOfPage\":{\"@id\":\"https:\\\/\\\/islandofpets.ee\\\/en\\\/pood\\\/cod-cube-chewy-treat-200g\\\/#primaryimage\"},\"image\":{\"@id\":\"https:\\\/\\\/islandofpets.ee\\\/en\\\/pood\\\/cod-cube-chewy-treat-200g\\\/#primaryimage\"},\"thumbnailUrl\":\"https:\\\/\\\/islandofpets.ee\\\/wp-content\\\/uploads\\\/2023\\\/09\\\/11.png\",\"datePublished\":\"2023-08-22T10:36:32+00:00\",\"dateModified\":\"2025-10-27T13:44:39+00:00\",\"description\":\"Tursakuubik\\\/n\u00e4rimismaius: hea ajaviide k\u00f5ikidele koertele. N\u00e4rimine leevendab noortel koertel hammaste ja igemete s\u00fcgelust ning pakub kauakestvat tegevust.\",\"breadcrumb\":{\"@id\":\"https:\\\/\\\/islandofpets.ee\\\/en\\\/pood\\\/cod-cube-chewy-treat-200g\\\/#breadcrumb\"},\"inLanguage\":\"en-US\",\"potentialAction\":[{\"@type\":\"ReadAction\",\"target\":[\"https:\\\/\\\/islandofpets.ee\\\/en\\\/pood\\\/cod-cube-chewy-treat-200g\\\/\"]}]},{\"@type\":\"ImageObject\",\"inLanguage\":\"en-US\",\"@id\":\"https:\\\/\\\/islandofpets.ee\\\/en\\\/pood\\\/cod-cube-chewy-treat-200g\\\/#primaryimage\",\"url\":\"https:\\\/\\\/islandofpets.ee\\\/wp-content\\\/uploads\\\/2023\\\/09\\\/11.png\",\"contentUrl\":\"https:\\\/\\\/islandofpets.ee\\\/wp-content\\\/uploads\\\/2023\\\/09\\\/11.png\",\"width\":1080,\"height\":1080},{\"@type\":\"BreadcrumbList\",\"@id\":\"https:\\\/\\\/islandofpets.ee\\\/en\\\/pood\\\/cod-cube-chewy-treat-200g\\\/#breadcrumb\",\"itemListElement\":[{\"@type\":\"ListItem\",\"position\":1,\"name\":\"Home\",\"item\":\"https:\\\/\\\/islandofpets.ee\\\/en\\\/\"},{\"@type\":\"ListItem\",\"position\":2,\"name\":\"Pood\",\"item\":\"https:\\\/\\\/islandofpets.ee\\\/pood\\\/\"},{\"@type\":\"ListItem\",\"position\":3,\"name\":\"Cod cube chewy treat 200g\"}]},{\"@type\":\"WebSite\",\"@id\":\"https:\\\/\\\/islandofpets.ee\\\/#website\",\"url\":\"https:\\\/\\\/islandofpets.ee\\\/\",\"name\":\"Island of Pets\",\"description\":\"Parimad maiused sinu parimale s\u00f5brale\",\"publisher\":{\"@id\":\"https:\\\/\\\/islandofpets.ee\\\/#organization\"},\"potentialAction\":[{\"@type\":\"SearchAction\",\"target\":{\"@type\":\"EntryPoint\",\"urlTemplate\":\"https:\\\/\\\/islandofpets.ee\\\/?s={search_term_string}\"},\"query-input\":{\"@type\":\"PropertyValueSpecification\",\"valueRequired\":true,\"valueName\":\"search_term_string\"}}],\"inLanguage\":\"en-US\"},{\"@type\":\"Organization\",\"@id\":\"https:\\\/\\\/islandofpets.ee\\\/#organization\",\"name\":\"Island of Pets\",\"url\":\"https:\\\/\\\/islandofpets.ee\\\/\",\"logo\":{\"@type\":\"ImageObject\",\"inLanguage\":\"en-US\",\"@id\":\"https:\\\/\\\/islandofpets.ee\\\/#\\\/schema\\\/logo\\\/image\\\/\",\"url\":\"https:\\\/\\\/islandofpets.ee\\\/wp-content\\\/uploads\\\/2021\\\/02\\\/IOP-logo-03-03.png\",\"contentUrl\":\"https:\\\/\\\/islandofpets.ee\\\/wp-content\\\/uploads\\\/2021\\\/02\\\/IOP-logo-03-03.png\",\"width\":2375,\"height\":1323,\"caption\":\"Island of Pets\"},\"image\":{\"@id\":\"https:\\\/\\\/islandofpets.ee\\\/#\\\/schema\\\/logo\\\/image\\\/\"}}]}<\/script>\n<!-- \/ Yoast SEO plugin. -->","yoast_head_json":{"title":"Cod cube chewy treat 200g - Island of Pets","description":"Tursakuubik\/n\u00e4rimismaius: hea ajaviide k\u00f5ikidele koertele. N\u00e4rimine leevendab noortel koertel hammaste ja igemete s\u00fcgelust ning pakub kauakestvat tegevust.","robots":{"index":"index","follow":"follow","max-snippet":"max-snippet:-1","max-image-preview":"max-image-preview:large","max-video-preview":"max-video-preview:-1"},"canonical":"https:\/\/islandofpets.ee\/en\/pood\/cod-cube-chewy-treat-200g\/","og_locale":"en_US","og_type":"article","og_title":"Cod cube chewy treat 200g - Island of Pets","og_description":"Tursakuubik\/n\u00e4rimismaius: hea ajaviide k\u00f5ikidele koertele. N\u00e4rimine leevendab noortel koertel hammaste ja igemete s\u00fcgelust ning pakub kauakestvat tegevust.","og_url":"https:\/\/islandofpets.ee\/en\/pood\/cod-cube-chewy-treat-200g\/","og_site_name":"Island of Pets","article_modified_time":"2025-10-27T13:44:39+00:00","og_image":[{"width":1000,"height":1000,"url":"https:\/\/islandofpets.ee\/wp-content\/uploads\/2023\/08\/Tursakuubik-narimismaius-200g.png","type":"image\/png"}],"twitter_card":"summary_large_image","twitter_misc":{"Est. reading time":"1 minute"},"schema":{"@context":"https:\/\/schema.org","@graph":[{"@type":"WebPage","@id":"https:\/\/islandofpets.ee\/en\/pood\/cod-cube-chewy-treat-200g\/","url":"https:\/\/islandofpets.ee\/en\/pood\/cod-cube-chewy-treat-200g\/","name":"Cod cube chewy treat 200g - Island of Pets","isPartOf":{"@id":"https:\/\/islandofpets.ee\/#website"},"primaryImageOfPage":{"@id":"https:\/\/islandofpets.ee\/en\/pood\/cod-cube-chewy-treat-200g\/#primaryimage"},"image":{"@id":"https:\/\/islandofpets.ee\/en\/pood\/cod-cube-chewy-treat-200g\/#primaryimage"},"thumbnailUrl":"https:\/\/islandofpets.ee\/wp-content\/uploads\/2023\/09\/11.png","datePublished":"2023-08-22T10:36:32+00:00","dateModified":"2025-10-27T13:44:39+00:00","description":"Tursakuubik\/n\u00e4rimismaius: hea ajaviide k\u00f5ikidele koertele. N\u00e4rimine leevendab noortel koertel hammaste ja igemete s\u00fcgelust ning pakub kauakestvat tegevust.","breadcrumb":{"@id":"https:\/\/islandofpets.ee\/en\/pood\/cod-cube-chewy-treat-200g\/#breadcrumb"},"inLanguage":"en-US","potentialAction":[{"@type":"ReadAction","target":["https:\/\/islandofpets.ee\/en\/pood\/cod-cube-chewy-treat-200g\/"]}]},{"@type":"ImageObject","inLanguage":"en-US","@id":"https:\/\/islandofpets.ee\/en\/pood\/cod-cube-chewy-treat-200g\/#primaryimage","url":"https:\/\/islandofpets.ee\/wp-content\/uploads\/2023\/09\/11.png","contentUrl":"https:\/\/islandofpets.ee\/wp-content\/uploads\/2023\/09\/11.png","width":1080,"height":1080},{"@type":"BreadcrumbList","@id":"https:\/\/islandofpets.ee\/en\/pood\/cod-cube-chewy-treat-200g\/#breadcrumb","itemListElement":[{"@type":"ListItem","position":1,"name":"Home","item":"https:\/\/islandofpets.ee\/en\/"},{"@type":"ListItem","position":2,"name":"Pood","item":"https:\/\/islandofpets.ee\/pood\/"},{"@type":"ListItem","position":3,"name":"Cod cube chewy treat 200g"}]},{"@type":"WebSite","@id":"https:\/\/islandofpets.ee\/#website","url":"https:\/\/islandofpets.ee\/","name":"Island of Pets","description":"Parimad maiused sinu parimale s\u00f5brale","publisher":{"@id":"https:\/\/islandofpets.ee\/#organization"},"potentialAction":[{"@type":"SearchAction","target":{"@type":"EntryPoint","urlTemplate":"https:\/\/islandofpets.ee\/?s={search_term_string}"},"query-input":{"@type":"PropertyValueSpecification","valueRequired":true,"valueName":"search_term_string"}}],"inLanguage":"en-US"},{"@type":"Organization","@id":"https:\/\/islandofpets.ee\/#organization","name":"Island of Pets","url":"https:\/\/islandofpets.ee\/","logo":{"@type":"ImageObject","inLanguage":"en-US","@id":"https:\/\/islandofpets.ee\/#\/schema\/logo\/image\/","url":"https:\/\/islandofpets.ee\/wp-content\/uploads\/2021\/02\/IOP-logo-03-03.png","contentUrl":"https:\/\/islandofpets.ee\/wp-content\/uploads\/2021\/02\/IOP-logo-03-03.png","width":2375,"height":1323,"caption":"Island of Pets"},"image":{"@id":"https:\/\/islandofpets.ee\/#\/schema\/logo\/image\/"}}]}},"_links":{"self":[{"href":"https:\/\/islandofpets.ee\/en\/wp-json\/wp\/v2\/product\/8572","targetHints":{"allow":["GET"]}}],"collection":[{"href":"https:\/\/islandofpets.ee\/en\/wp-json\/wp\/v2\/product"}],"about":[{"href":"https:\/\/islandofpets.ee\/en\/wp-json\/wp\/v2\/types\/product"}],"replies":[{"embeddable":true,"href":"https:\/\/islandofpets.ee\/en\/wp-json\/wp\/v2\/comments?post=8572"}],"wp:featuredmedia":[{"embeddable":true,"href":"https:\/\/islandofpets.ee\/en\/wp-json\/wp\/v2\/media\/12682"}],"wp:attachment":[{"href":"https:\/\/islandofpets.ee\/en\/wp-json\/wp\/v2\/media?parent=8572"}],"wp:term":[{"taxonomy":"product_brand","embeddable":true,"href":"https:\/\/islandofpets.ee\/en\/wp-json\/wp\/v2\/product_brand?post=8572"},{"taxonomy":"product_cat","embeddable":true,"href":"https:\/\/islandofpets.ee\/en\/wp-json\/wp\/v2\/product_cat?post=8572"},{"taxonomy":"product_tag","embeddable":true,"href":"https:\/\/islandofpets.ee\/en\/wp-json\/wp\/v2\/product_tag?post=8572"}],"curies":[{"name":"wp","href":"https:\/\/api.w.org\/{rel}","templated":true}]}}